{"id":2,"date":"2018-12-01T02:23:00","date_gmt":"2018-12-01T01:23:00","guid":{"rendered":"https:\/\/www.ge-c-rien.ca\/?page_id=2"},"modified":"2019-01-31T20:47:59","modified_gmt":"2019-01-31T19:47:59","slug":"page-d-exemple","status":"publish","type":"page","link":"https:\/\/www.ge-c-rien.ca\/index.php\/page-d-exemple\/","title":{"rendered":"Votre scribe"},"content":{"rendered":"<p>Votre scribe se pose des questions. Avec humilit\u00e9, curiosit\u00e9, espoir. Pour tenter d&rsquo;\u00e9viter le cynisme, elle les publie ici.<\/p>\n","protected":false},"excerpt":{"rendered":"<p>Votre scribe se pose des questions. Avec humilit\u00e9, curiosit\u00e9, espoir. Pour tenter d&rsquo;\u00e9viter le cynisme, elle les publie ici.<\/p>\n","protected":false},"author":1,"featured_media":0,"parent":0,"menu_order":0,"comment_status":"closed","ping_status":"closed","template":"","meta":{"footnotes":""},"class_list":["post-2","page","type-page","status-publish","hentry"],"_links":{"self":[{"href":"https:\/\/www.ge-c-rien.ca\/index.php\/wp-json\/wp\/v2\/pages\/2","targetHints":{"allow":["GET"]}}],"collection":[{"href":"https:\/\/www.ge-c-rien.ca\/index.php\/wp-json\/wp\/v2\/pages"}],"about":[{"href":"https:\/\/www.ge-c-rien.ca\/index.php\/wp-json\/wp\/v2\/types\/page"}],"author":[{"embeddable":true,"href":"https:\/\/www.ge-c-rien.ca\/index.php\/wp-json\/wp\/v2\/users\/1"}],"replies":[{"embeddable":true,"href":"https:\/\/www.ge-c-rien.ca\/index.php\/wp-json\/wp\/v2\/comments?post=2"}],"version-history":[{"count":3,"href":"https:\/\/www.ge-c-rien.ca\/index.php\/wp-json\/wp\/v2\/pages\/2\/revisions"}],"predecessor-version":[{"id":14,"href":"https:\/\/www.ge-c-rien.ca\/index.php\/wp-json\/wp\/v2\/pages\/2\/revisions\/14"}],"wp:attachment":[{"href":"https:\/\/www.ge-c-rien.ca\/index.php\/wp-json\/wp\/v2\/media?parent=2"}],"curies":[{"name":"wp","href":"https:\/\/api.w.org\/{rel}","templated":true}]}}